{"id":1363,"date":"2025-11-03T14:53:51","date_gmt":"2025-11-03T17:53:51","guid":{"rendered":"https:\/\/diabetes-day.com\/home-25\/"},"modified":"2025-11-06T12:55:17","modified_gmt":"2025-11-06T15:55:17","slug":"home-25","status":"publish","type":"page","link":"https:\/\/diabetes-day.com\/pt-br\/","title":{"rendered":"Accu-Chek Diabetes Day 2025"},"content":{"rendered":"<p>[et_pb_section fb_built=&#8221;1&#8243; custom_padding_last_edited=&#8221;on|phone&#8221; _builder_version=&#8221;4.27.3&#8243; _module_preset=&#8221;default&#8221; background_image=&#8221;https:\/\/diabetes-day.com\/wp-content\/uploads\/2025\/11\/dmd25-bg-scaled.png&#8221; custom_padding=&#8221;10px||||false|false&#8221; custom_padding_tablet=&#8221;10px||||false|false&#8221; custom_padding_phone=&#8221;15px||||false|false&#8221; global_colors_info=&#8221;{}&#8221;][et_pb_row column_structure=&#8221;1_2,1_2&#8243; make_equal=&#8221;on&#8221; _builder_version=&#8221;4.27.3&#8243; _module_preset=&#8221;default&#8221; max_width=&#8221;900px&#8221; module_alignment=&#8221;center&#8221; custom_css_main_element=&#8221;align-items:center;&#8221; pac_drh_column_numbers_phone=&#8221;pac_drh_phone_col_two&#8221; global_colors_info=&#8221;{}&#8221;][et_pb_column type=&#8221;1_2&#8243; _builder_version=&#8221;4.27.3&#8243; _module_preset=&#8221;default&#8221; global_colors_info=&#8221;{}&#8221;][et_pb_image src=&#8221;https:\/\/diabetes-day.com\/wp-content\/uploads\/2025\/11\/logo-dmd.png&#8221; title_text=&#8221;logo-dmd&#8221; _builder_version=&#8221;4.27.3&#8243; _module_preset=&#8221;default&#8221; max_width=&#8221;150px&#8221; max_width_tablet=&#8221;150px&#8221; max_width_phone=&#8221;100px&#8221; max_width_last_edited=&#8221;on|phone&#8221; module_alignment_tablet=&#8221;&#8221; module_alignment_phone=&#8221;center&#8221; module_alignment_last_edited=&#8221;on|phone&#8221; global_colors_info=&#8221;{}&#8221;][\/et_pb_image][\/et_pb_column][et_pb_column type=&#8221;1_2&#8243; _builder_version=&#8221;4.27.3&#8243; _module_preset=&#8221;default&#8221; global_colors_info=&#8221;{}&#8221;][et_pb_image src=&#8221;https:\/\/diabetes-day.com\/wp-content\/uploads\/2025\/11\/pt-dmd-call.png&#8221; title_text=&#8221;pt-dmd-call&#8221; align=&#8221;right&#8221; align_tablet=&#8221;right&#8221; align_phone=&#8221;center&#8221; align_last_edited=&#8221;on|phone&#8221; _builder_version=&#8221;4.27.3&#8243; _module_preset=&#8221;default&#8221; max_width=&#8221;400px&#8221; max_width_tablet=&#8221;400px&#8221; max_width_phone=&#8221;250px&#8221; max_width_last_edited=&#8221;on|phone&#8221; global_colors_info=&#8221;{}&#8221;][\/et_pb_image][\/et_pb_column][\/et_pb_row][et_pb_row _builder_version=&#8221;4.27.3&#8243; _module_preset=&#8221;default&#8221; custom_padding=&#8221;0px||||false|false&#8221; global_colors_info=&#8221;{}&#8221;][et_pb_column type=&#8221;4_4&#8243; _builder_version=&#8221;4.27.3&#8243; _module_preset=&#8221;default&#8221; global_colors_info=&#8221;{}&#8221;][et_pb_code _builder_version=&#8221;4.27.3&#8243; _module_preset=&#8221;default&#8221; text_orientation=&#8221;center&#8221; max_width=&#8221;800px&#8221; module_alignment=&#8221;center&#8221; border_radii=&#8221;on|15px|15px|15px|15px&#8221; global_colors_info=&#8221;{}&#8221;]<\/p>\n<style>.embed-container { position: relative; padding-bottom: 56.25%; height: 0; overflow: hidden; max-width: 100%; } .embed-container iframe, .embed-container object, .embed-container embed { position: absolute; top: 0; left: 0; width: 100%; height: 100%; }<\/style>\n<div class='embed-container'><iframe src='https:\/\/player.vimeo.com\/video\/1133691210' frameborder='0' webkitAllowFullScreen mozallowfullscreen allowFullScreen><\/iframe><\/div>\n<p>[\/et_pb_code][\/et_pb_column][\/et_pb_row][et_pb_row _builder_version=&#8221;4.27.3&#8243; _module_preset=&#8221;default&#8221; custom_padding=&#8221;10px||||false|false&#8221; global_colors_info=&#8221;{}&#8221;][et_pb_column type=&#8221;4_4&#8243; _builder_version=&#8221;4.27.3&#8243; _module_preset=&#8221;default&#8221; global_colors_info=&#8221;{}&#8221;][et_pb_text _builder_version=&#8221;4.27.3&#8243; _module_preset=&#8221;default&#8221; header_font=&#8221;|700|||||||&#8221; header_text_align=&#8221;center&#8221; header_2_font=&#8221;|700|||||||&#8221; header_2_text_align=&#8221;center&#8221; header_2_text_color=&#8221;#FFFFFF&#8221; header_2_font_size=&#8221;36px&#8221; header_2_font_size_tablet=&#8221;36px&#8221; header_2_font_size_phone=&#8221;28px&#8221; header_2_font_size_last_edited=&#8221;on|phone&#8221; global_colors_info=&#8221;{}&#8221;]<\/p>\n<h2>Como se sentir bem com a vida com diabetes?<\/h2>\n<p>[\/et_pb_text][et_pb_text _builder_version=&#8221;4.27.3&#8243; _module_preset=&#8221;default&#8221; text_text_color=&#8221;#FFFFFF&#8221; text_font_size=&#8221;18px&#8221; text_orientation=&#8221;center&#8221; text_font_size_tablet=&#8221;18px&#8221; text_font_size_phone=&#8221;16px&#8221; text_font_size_last_edited=&#8221;on|phone&#8221; text_line_height_tablet=&#8221;&#8221; text_line_height_phone=&#8221;1.3em&#8221; text_line_height_last_edited=&#8221;on|phone&#8221; global_colors_info=&#8221;{}&#8221;]<\/p>\n<p>No dia 12 de novembro, falaremos sobre bem-estar mental, f\u00edsico e emocional.<br \/>Ferramentas e dicas para uma dieta saborosa e equilibrada, <span>uso de aplicativos e tecnologia para acompanhar melhor a rotina de glicemia.<\/span><br \/><strong>\u2028Junte-se a n\u00f3s! Inscri\u00e7\u00f5es de 1\u00ba de outubro a 12 de novembro.<\/strong><\/p>\n<p>[\/et_pb_text][et_pb_button button_url=&#8221;#inscripcion&#8221; button_text=&#8221;Inscri\u00e7\u00e3o Gratuita&#8221; button_alignment=&#8221;center&#8221; _builder_version=&#8221;4.27.3&#8243; _module_preset=&#8221;default&#8221; custom_button=&#8221;on&#8221; button_text_color=&#8221;gcid-318509ae-8833-4e9e-871a-fa7cc413d46c&#8221; button_bg_color=&#8221;#FFFFFF&#8221; button_border_width=&#8221;3px&#8221; button_border_color=&#8221;gcid-318509ae-8833-4e9e-871a-fa7cc413d46c&#8221; button_border_radius=&#8221;50px&#8221; button_font=&#8221;|700||on|||||&#8221; box_shadow_style=&#8221;preset1&#8243; global_colors_info=&#8221;{%22gcid-318509ae-8833-4e9e-871a-fa7cc413d46c%22:%91%22button_text_color%22,%22button_border_color%22%93}&#8221;][\/et_pb_button][\/et_pb_column][\/et_pb_row][\/et_pb_section][et_pb_section fb_built=&#8221;1&#8243; custom_padding_last_edited=&#8221;on|phone&#8221; module_id=&#8221;agenda&#8221; _builder_version=&#8221;4.27.3&#8243; _module_preset=&#8221;default&#8221; background_color=&#8221;#e9e9e9&#8243; custom_padding_tablet=&#8221;&#8221; custom_padding_phone=&#8221;||0px||false|false&#8221; global_colors_info=&#8221;{}&#8221;][et_pb_row _builder_version=&#8221;4.27.3&#8243; _module_preset=&#8221;default&#8221; global_colors_info=&#8221;{}&#8221;][et_pb_column type=&#8221;4_4&#8243; _builder_version=&#8221;4.27.3&#8243; _module_preset=&#8221;default&#8221; global_colors_info=&#8221;{}&#8221;][et_pb_text _builder_version=&#8221;4.27.3&#8243; _module_preset=&#8221;default&#8221; header_2_font=&#8221;|700|||||||&#8221; header_2_text_align=&#8221;center&#8221; header_2_text_color=&#8221;gcid-318509ae-8833-4e9e-871a-fa7cc413d46c&#8221; global_colors_info=&#8221;{%22gcid-318509ae-8833-4e9e-871a-fa7cc413d46c%22:%91%22header_2_text_color%22%93}&#8221;]<\/p>\n<h2><span data-metadata=\"&lt;!--(figmeta)eyJmaWxlS2V5IjoicnBucU1MdVZ4NGlYZ240S2JoTU9tdCIsInBhc3RlSUQiOjEwOTUzMjg1NzEsImRhdGFUeXBlIjoic2NlbmUifQo=(\/figmeta)--&gt;\"><\/span>Agenda do Diabetes Day 12 de novembro<\/h2>\n<p>[\/et_pb_text][et_pb_image src=&#8221;https:\/\/diabetes-day.com\/wp-content\/uploads\/2025\/11\/pt-dmd-agenda.png&#8221; title_text=&#8221;pt-dmd-agenda-mob&#8221; align=&#8221;center&#8221; src_tablet=&#8221;https:\/\/diabetes-day.com\/wp-content\/uploads\/2025\/11\/dmd-agenda.png&#8221; src_phone=&#8221;https:\/\/diabetes-day.com\/wp-content\/uploads\/2025\/11\/pt-dmd-agenda-mob.png&#8221; src_last_edited=&#8221;on|phone&#8221; _builder_version=&#8221;4.27.3&#8243; _module_preset=&#8221;default&#8221; max_width=&#8221;800px&#8221; global_colors_info=&#8221;{}&#8221;][\/et_pb_image][et_pb_text disabled_on=&#8221;off|on|on&#8221; _builder_version=&#8221;4.27.3&#8243; _module_preset=&#8221;default&#8221; text_font=&#8221;|300|||||||&#8221; text_text_color=&#8221;#000000&#8243; text_font_size=&#8221;13px&#8221; text_line_height=&#8221;1.5em&#8221; header_2_font=&#8221;|800|||||||&#8221; header_2_text_align=&#8221;center&#8221; header_2_text_color=&#8221;gcid-318509ae-8833-4e9e-871a-fa7cc413d46c&#8221; text_orientation=&#8221;center&#8221; custom_margin=&#8221;60px||||false|false&#8221; global_colors_info=&#8221;{%22gcid-318509ae-8833-4e9e-871a-fa7cc413d46c%22:%91%22header_2_text_color%22%93}&#8221;]<\/p>\n<h2>Grandes speakers!<\/h2>\n<p>Especialistas que convivem com o diabetes em primeira pessoa, unindo a vis\u00e3o da sa\u00fade e a experi\u00eancia do paciente.<\/p>\n<p>[\/et_pb_text][et_pb_image src=&#8221;https:\/\/diabetes-day.com\/wp-content\/uploads\/2025\/11\/pt-dmd-speakers.png&#8221; title_text=&#8221;pt-dmd-speakers-mob&#8221; align=&#8221;center&#8221; src_tablet=&#8221;https:\/\/diabetes-day.com\/wp-content\/uploads\/2025\/11\/dmd-es-speakers.png&#8221; src_phone=&#8221;https:\/\/diabetes-day.com\/wp-content\/uploads\/2025\/11\/pt-dmd-speakers-mob.png&#8221; src_last_edited=&#8221;on|phone&#8221; _builder_version=&#8221;4.27.3&#8243; _module_preset=&#8221;default&#8221; max_width=&#8221;800px&#8221; global_colors_info=&#8221;{}&#8221;][\/et_pb_image][\/et_pb_column][\/et_pb_row][\/et_pb_section][et_pb_section fb_built=&#8221;1&#8243; module_id=&#8221;inscripcion&#8221; _builder_version=&#8221;4.27.3&#8243; _module_preset=&#8221;default&#8221; background_color=&#8221;#e9e9e9&#8243; global_colors_info=&#8221;{}&#8221;][et_pb_row _builder_version=&#8221;4.27.3&#8243; _module_preset=&#8221;default&#8221; global_colors_info=&#8221;{}&#8221;][et_pb_column type=&#8221;4_4&#8243; _builder_version=&#8221;4.27.3&#8243; _module_preset=&#8221;default&#8221; global_colors_info=&#8221;{}&#8221;][et_pb_text _builder_version=&#8221;4.27.3&#8243; _module_preset=&#8221;default&#8221; header_2_font=&#8221;|700|||||||&#8221; header_2_text_align=&#8221;center&#8221; header_2_text_color=&#8221;gcid-318509ae-8833-4e9e-871a-fa7cc413d46c&#8221; header_2_font_size=&#8221;36px&#8221; global_colors_info=&#8221;{%22gcid-318509ae-8833-4e9e-871a-fa7cc413d46c%22:%91%22header_2_text_color%22%93}&#8221;]<\/p>\n<h2><span data-metadata=\"&lt;!--(figmeta)eyJmaWxlS2V5IjoicnBucU1MdVZ4NGlYZ240S2JoTU9tdCIsInBhc3RlSUQiOjEwOTUzMjg1NzEsImRhdGFUeXBlIjoic2NlbmUifQo=(\/figmeta)--&gt;\"><\/span>Inscri\u00e7\u00e3o Gratuita<\/h2>\n<p>[\/et_pb_text][\/et_pb_column][\/et_pb_row][et_pb_row custom_padding_last_edited=&#8221;on|phone&#8221; _builder_version=&#8221;4.27.3&#8243; _module_preset=&#8221;default&#8221; background_color=&#8221;#FFFFFF&#8221; width_tablet=&#8221;&#8221; width_phone=&#8221;95%&#8221; width_last_edited=&#8221;on|phone&#8221; max_width=&#8221;900px&#8221; module_alignment=&#8221;center&#8221; custom_margin=&#8221;9px|auto||auto|false|false&#8221; custom_padding=&#8221;40px|40px|40px|40px|true|true&#8221; custom_padding_tablet=&#8221;40px|40px|40px|40px|true|true&#8221; custom_padding_phone=&#8221;30px|25px|30px|25px|true|true&#8221; border_radii=&#8221;on|10px|10px|10px|10px&#8221; global_colors_info=&#8221;{}&#8221;][et_pb_column type=&#8221;4_4&#8243; _builder_version=&#8221;4.27.3&#8243; _module_preset=&#8221;default&#8221; global_colors_info=&#8221;{}&#8221;][et_pb_code _builder_version=&#8221;4.27.3&#8243; _module_preset=&#8221;default&#8221; global_colors_info=&#8221;{}&#8221;]<div class='fluentform ff-default fluentform_wrapper_11 ffs_custom_wrap'><form data-form_id=\"11\" id=\"fluentform_11\" class=\"frm-fluent-form fluent_form_11 ff-el-form-top ff_form_instance_11_1 ff-form-loading ffs_custom\" data-form_instance=\"ff_form_instance_11_1\" method=\"POST\" ><fieldset  style=\"border: none!important;margin: 0!important;padding: 0!important;background-color: transparent!important;box-shadow: none!important;outline: none!important; min-inline-size: 100%;\">\n                    <legend class=\"ff_screen_reader_title\" style=\"display: block; margin: 0!important;padding: 0!important;height: 0!important;text-indent: -999999px;width: 0!important;overflow:hidden;\">DMD 2025 - Brasil<\/legend><input type='hidden' name='__fluent_form_embded_post_id' value='1363' \/><input type=\"hidden\" id=\"_fluentform_11_fluentformnonce\" name=\"_fluentform_11_fluentformnonce\" value=\"bbb5e9326a\" \/><input type=\"hidden\" name=\"_wp_http_referer\" value=\"\/pt-br\/wp-json\/wp\/v2\/pages\/1363\" \/><div data-type=\"name-element\" data-name=\"names\" class=\" ff-field_container ff-name-field-wrapper\" ><div class='ff-t-container'><div class='ff-t-cell '><div class='ff-el-group ff-el-form-top'><div class=\"ff-el-input--label ff-el-is-required asterisk-right\"><label for='ff_11_names_first_name_' id='label_ff_11_names_first_name_' >Nome<\/label><\/div><div class='ff-el-input--content'><input type=\"text\" name=\"names[first_name]\" id=\"ff_11_names_first_name_\" class=\"ff-el-form-control\" placeholder=\"Nome\" aria-invalid=\"false\" aria-required=true><\/div><\/div><\/div><div class='ff-t-cell '><div class='ff-el-group ff-el-form-top'><div class=\"ff-el-input--label ff-el-is-required asterisk-right\"><label for='ff_11_names_last_name_' id='label_ff_11_names_last_name_' >Sobrenome<\/label><\/div><div class='ff-el-input--content'><input type=\"text\" name=\"names[last_name]\" id=\"ff_11_names_last_name_\" class=\"ff-el-form-control\" placeholder=\"Sobrenome\" aria-invalid=\"false\" aria-required=true><\/div><\/div><\/div><\/div><\/div><div class='ff-el-group'><div class=\"ff-el-input--label ff-el-is-required asterisk-right\"><label for='ff_11_email' id='label_ff_11_email' aria-label=\"E-mail:\">E-mail:<\/label><\/div><div class='ff-el-input--content'><input type=\"email\" name=\"email\" id=\"ff_11_email\" class=\"ff-el-form-control\" placeholder=\"Por favor coloque o seu email\" data-name=\"email\"  aria-invalid=\"false\" aria-required=true><\/div><\/div><div class='ff-el-group  ff-custom_html' tabindex='-1' data-name=\"custom_html-11_1\" ><p>Os dados que voc\u00ea fornecer por meio deste formul\u00e1rio ser\u00e3o inclusos na base de dados da Roche Diabetes Care, Inc. para futuras comunica\u00e7\u00f5es com seus clientes para compartilhar informa\u00e7\u00f5es sobre avan\u00e7os em diagn\u00f3stico e sa\u00fade, inova\u00e7\u00f5es em produtos e ofertas especiais, que poder\u00e3o ser usados na coleta, armazenamento, uso, recep\u00e7\u00e3o, acesso, processamento, manuten\u00e7\u00e3o e arquivamento dos seus dados pessoais. Voc\u00ea pode revisar, alterar ou excluir seus dados de nossa base a qualquer momento.<\/p>\n<p>A Roche n\u00e3o compartilha suas informa\u00e7\u00f5es pessoais com terceiros, exceto com empresas afiliadas da Roche ou parceiros contratados que atuam em nosso nome.<\/p><\/div><div class='ff-el-group    ff-el-input--content'><div class='ff-el-form-check ff-el-tc'><label aria-label='Termos e condi\u00e7\u00f5es: Li e concordo com a Pol\u00edtica de Privacidade e a Pol\u00edtica de Cookies. Autorizo a Roche Diabetes Care Brasil Ltda. a me enviar regularmente novidades sobre Accu-Chek por e-mail. Concordo em receber informa\u00e7\u00f5es sobre os produtos Accu-Chek por e-mail. Cont\u00e9m 2 links. Use a navega\u00e7\u00e3o por abas para revisar.' class='ff-el-form-check-label ff_tc_label' for=terms-n-condition_58a165d04928d0ed33aa393883bf31be><span class='ff_tc_checkbox'><input type=\"checkbox\" name=\"terms-n-condition\" class=\"ff-el-form-check-input\" data-name=\"terms-n-condition\" id=\"terms-n-condition_58a165d04928d0ed33aa393883bf31be\"  value='on' aria-invalid='false' aria-required=true><\/span> <div class='ff_t_c'><p>Li e concordo com a <a href=\"https:\/\/www.accu-cheklatam.com\/pt\/politica-privacidade\" target=\"_blank\" rel=\"noopener\">Pol\u00edtica de Privacidade<\/a> e a <a href=\"https:\/\/www.accu-cheklatam.com\/pt\/politica-cookies\" target=\"_blank\" rel=\"noopener\">Pol\u00edtica de Cookies<\/a>. Autorizo a Roche Diabetes Care Brasil Ltda. a me enviar regularmente novidades sobre Accu-Chek por e-mail. Concordo em receber informa\u00e7\u00f5es sobre os produtos Accu-Chek por e-mail.<\/p><\/div><\/label><\/div><\/div><div class='ff-el-group ff-text-left ff_submit_btn_wrapper'><button type=\"submit\" class=\"ff-btn ff-btn-submit ff-btn-md ff_btn_style\"  aria-label=\"Inscrever-se\">Inscrever-se<\/button><\/div><\/fieldset><\/form><div id='fluentform_11_errors' class='ff-errors-in-stack ff_form_instance_11_1 ff-form-loading_errors ff_form_instance_11_1_errors'><\/div><\/div>            <script type=\"text\/javascript\">\n                window.fluent_form_ff_form_instance_11_1 = {\"id\":\"11\",\"settings\":{\"layout\":{\"labelPlacement\":\"top\",\"helpMessagePlacement\":\"with_label\",\"errorMessagePlacement\":\"inline\",\"cssClassName\":\"\",\"asteriskPlacement\":\"asterisk-right\"},\"restrictions\":{\"denyEmptySubmission\":{\"enabled\":false}}},\"form_instance\":\"ff_form_instance_11_1\",\"form_id_selector\":\"fluentform_11\",\"rules\":{\"names[first_name]\":{\"required\":{\"value\":true,\"message\":\"Este campo es obligatorio\",\"global_message\":\"Este campo es obligatorio\",\"global\":true}},\"names[middle_name]\":{\"required\":{\"value\":false,\"message\":\"Este campo es obligatorio\",\"global_message\":\"Este campo es obligatorio\",\"global\":true}},\"names[last_name]\":{\"required\":{\"value\":true,\"message\":\"Este campo es obligatorio\",\"global_message\":\"Este campo es obligatorio\",\"global\":true}},\"email\":{\"required\":{\"value\":true,\"message\":\"Este campo es obligatorio\",\"global_message\":\"Este campo es obligatorio\",\"global\":true},\"email\":{\"value\":true,\"message\":\"Este campo debe contener un correo electr\\u00f3nico v\\u00e1lido\",\"global_message\":\"Este campo debe contener un correo electr\\u00f3nico v\\u00e1lido\",\"global\":true}},\"terms-n-condition\":{\"required\":{\"value\":true,\"message\":\"Es necesario que aceptes los t\\u00e9rminos y condiciones para poder registrarte\",\"global_message\":\"Este campo es obligatorio\",\"global\":false}}},\"debounce_time\":300};\n                            <\/script>\n            [\/et_pb_code][\/et_pb_column][\/et_pb_row][\/et_pb_section][et_pb_section fb_built=&#8221;1&#8243; module_id=&#8221;datos&#8221; _builder_version=&#8221;4.27.3&#8243; _module_preset=&#8221;default&#8221; custom_padding=&#8221;||0px|||&#8221; global_colors_info=&#8221;{}&#8221;][et_pb_row _builder_version=&#8221;4.27.3&#8243; _module_preset=&#8221;default&#8221; global_colors_info=&#8221;{}&#8221;][et_pb_column type=&#8221;4_4&#8243; _builder_version=&#8221;4.27.3&#8243; _module_preset=&#8221;default&#8221; global_colors_info=&#8221;{}&#8221;][et_pb_image src=&#8221;https:\/\/diabetes-day.com\/wp-content\/uploads\/2025\/11\/pt-dmd-diabedatos.png&#8221; title_text=&#8221;pt-dmd-diabedatos&#8221; align=&#8221;center&#8221; _builder_version=&#8221;4.27.3&#8243; _module_preset=&#8221;default&#8221; max_width=&#8221;800px&#8221; global_colors_info=&#8221;{}&#8221;][\/et_pb_image][\/et_pb_column][\/et_pb_row][et_pb_row _builder_version=&#8221;4.27.3&#8243; _module_preset=&#8221;default&#8221; custom_margin=&#8221;50px||||false|false&#8221; custom_padding=&#8221;||76px|||&#8221; global_colors_info=&#8221;{}&#8221;][et_pb_column type=&#8221;4_4&#8243; _builder_version=&#8221;4.27.3&#8243; _module_preset=&#8221;default&#8221; global_colors_info=&#8221;{}&#8221;][et_pb_text _builder_version=&#8221;4.27.3&#8243; _module_preset=&#8221;default&#8221; text_font=&#8221;Playfair Display||||||||&#8221; text_text_color=&#8221;gcid-318509ae-8833-4e9e-871a-fa7cc413d46c&#8221; text_font_size=&#8221;34px&#8221; header_2_font=&#8221;|700|||||||&#8221; header_2_text_color=&#8221;gcid-318509ae-8833-4e9e-871a-fa7cc413d46c&#8221; header_2_font_size=&#8221;36px&#8221; custom_margin=&#8221;||0px||false|false&#8221; header_2_text_align_tablet=&#8221;&#8221; header_2_text_align_phone=&#8221;center&#8221; header_2_text_align_last_edited=&#8221;on|phone&#8221; header_2_font_size_tablet=&#8221;36px&#8221; header_2_font_size_phone=&#8221;26px&#8221; header_2_font_size_last_edited=&#8221;on|phone&#8221; global_colors_info=&#8221;{%22gcid-318509ae-8833-4e9e-871a-fa7cc413d46c%22:%91%22header_2_text_color%22,%22text_text_color%22%93}&#8221;]<\/p>\n<h2>Dicas para cuidar da sua sa\u00fade mental e f\u00edsica<\/h2>\n<p>[\/et_pb_text][et_pb_text _builder_version=&#8221;4.27.3&#8243; _module_preset=&#8221;default&#8221; text_font=&#8221;Playfair Display||on||||||&#8221; text_text_color=&#8221;gcid-318509ae-8833-4e9e-871a-fa7cc413d46c&#8221; text_font_size=&#8221;34px&#8221; header_2_font=&#8221;|700|||||||&#8221; header_2_text_color=&#8221;gcid-318509ae-8833-4e9e-871a-fa7cc413d46c&#8221; header_2_font_size=&#8221;36px&#8221; custom_margin=&#8221;0px||||false|false&#8221; text_font_size_tablet=&#8221;34px&#8221; text_font_size_phone=&#8221;24px&#8221; text_font_size_last_edited=&#8221;on|phone&#8221; text_orientation_tablet=&#8221;&#8221; text_orientation_phone=&#8221;center&#8221; text_orientation_last_edited=&#8221;on|phone&#8221; global_colors_info=&#8221;{%22gcid-318509ae-8833-4e9e-871a-fa7cc413d46c%22:%91%22header_2_text_color%22,%22text_text_color%22%93}&#8221;]<\/p>\n<p>vivendo com diabetes<\/p>\n<p>[\/et_pb_text][et_pb_code _builder_version=&#8221;4.27.3&#8243; _module_preset=&#8221;default&#8221; global_colors_info=&#8221;{}&#8221;]<!-- Elfsight Social Feed | IG Accu-Chek Brasil --><!-- [et_pb_line_break_holder] --><script src=\"https:\/\/elfsightcdn.com\/platform.js\" async><\/script><!-- [et_pb_line_break_holder] --><\/p>\n<div class=\"elfsight-app-3450ba59-a902-4786-9758-5724f5ee53fd\" data-elfsight-app-lazy><\/div>\n<p>[\/et_pb_code][et_pb_button button_url=&#8221;https:\/\/www.instagram.com\/accuchek.br\/&#8221; url_new_window=&#8221;on&#8221; button_text=&#8221;Quero mais dicas&#8221; button_alignment=&#8221;center&#8221; _builder_version=&#8221;4.27.3&#8243; _module_preset=&#8221;default&#8221; custom_button=&#8221;on&#8221; button_text_color=&#8221;#FFFFFF&#8221; button_bg_color=&#8221;gcid-318509ae-8833-4e9e-871a-fa7cc413d46c&#8221; button_border_color=&#8221;gcid-318509ae-8833-4e9e-871a-fa7cc413d46c&#8221; button_border_radius=&#8221;50px&#8221; global_colors_info=&#8221;{%22gcid-318509ae-8833-4e9e-871a-fa7cc413d46c%22:%91%22button_bg_color%22,%22button_border_color%22%93}&#8221;][\/et_pb_button][\/et_pb_column][\/et_pb_row][\/et_pb_section]<\/p>\n","protected":false},"excerpt":{"rendered":"<p>Como se sentir bem com a vida com diabetes?No dia 12 de novembro, falaremos sobre bem-estar mental, f\u00edsico e emocional.Ferramentas e dicas para uma dieta saborosa e equilibrada, uso de aplicativos e tecnologia para acompanhar melhor a rotina de glicemia.\u2028Junte-se a n\u00f3s! Inscri\u00e7\u00f5es de 1\u00ba de outubro a 12 de novembro.Agenda do Diabetes Day 12 [&hellip;]<\/p>\n","protected":false},"author":1,"featured_media":0,"parent":0,"menu_order":0,"comment_status":"closed","ping_status":"closed","template":"","meta":{"_et_pb_use_builder":"on","_et_pb_old_content":"","_et_gb_content_width":"","inline_featured_image":false,"footnotes":""},"class_list":["post-1363","page","type-page","status-publish","hentry"],"_links":{"self":[{"href":"https:\/\/diabetes-day.com\/pt-br\/wp-json\/wp\/v2\/pages\/1363","targetHints":{"allow":["GET"]}}],"collection":[{"href":"https:\/\/diabetes-day.com\/pt-br\/wp-json\/wp\/v2\/pages"}],"about":[{"href":"https:\/\/diabetes-day.com\/pt-br\/wp-json\/wp\/v2\/types\/page"}],"author":[{"embeddable":true,"href":"https:\/\/diabetes-day.com\/pt-br\/wp-json\/wp\/v2\/users\/1"}],"replies":[{"embeddable":true,"href":"https:\/\/diabetes-day.com\/pt-br\/wp-json\/wp\/v2\/comments?post=1363"}],"version-history":[{"count":11,"href":"https:\/\/diabetes-day.com\/pt-br\/wp-json\/wp\/v2\/pages\/1363\/revisions"}],"predecessor-version":[{"id":1417,"href":"https:\/\/diabetes-day.com\/pt-br\/wp-json\/wp\/v2\/pages\/1363\/revisions\/1417"}],"wp:attachment":[{"href":"https:\/\/diabetes-day.com\/pt-br\/wp-json\/wp\/v2\/media?parent=1363"}],"curies":[{"name":"wp","href":"https:\/\/api.w.org\/{rel}","templated":true}]}}